{"id":15,"date":"2021-08-12T21:52:45","date_gmt":"2021-08-12T21:52:45","guid":{"rendered":"https:\/\/gpsites.co\/flow\/?page_id=15"},"modified":"2023-10-17T19:38:05","modified_gmt":"2023-10-17T17:38:05","slug":"kontakt","status":"publish","type":"page","link":"https:\/\/bydgoszczpsycholog.pl\/index.php\/kontakt\/","title":{"rendered":"Kontakt"},"content":{"rendered":"<div class=\"gb-container gb-container-6fac96ab\"><div class=\"gb-inside-container\">\n<div class=\"gb-grid-wrapper gb-grid-wrapper-0f25ce03\">\n<div class=\"gb-grid-column gb-grid-column-d9cf8dce\"><div class=\"gb-container gb-container-d9cf8dce\"><div class=\"gb-inside-container\">\n\n<h2 class=\"gb-headline gb-headline-3c4ca6ef gb-headline-text\">Kontakt<\/h2>\n\n\n\n<p>Alina \u015apiewakowska<\/p>\n\n\n\n<p>ul. Kr. Jadwigi 18, V pi\u0119tro pok. 509.<\/p>\n\n\n\n<p>Bydgoszcz<\/p>\n\n\n\n<p><br>tel. 695 651 786<\/p>\n\n<\/div><\/div><\/div>\n\n<div class=\"gb-grid-column gb-grid-column-199eec8a\"><div class=\"gb-container gb-container-199eec8a\"><div class=\"gb-inside-container\">\n\n<figure class=\"wp-block-image size-large\"><img loading=\"lazy\" decoding=\"async\" width=\"1024\" height=\"682\" src=\"https:\/\/bydgoszczpsycholog.pl\/wp-content\/uploads\/2023\/10\/puzzle-316638_1280-1024x682.jpg\" alt=\"\" class=\"wp-image-683\" srcset=\"https:\/\/bydgoszczpsycholog.pl\/wp-content\/uploads\/2023\/10\/puzzle-316638_1280-1024x682.jpg 1024w, https:\/\/bydgoszczpsycholog.pl\/wp-content\/uploads\/2023\/10\/puzzle-316638_1280-300x200.jpg 300w, https:\/\/bydgoszczpsycholog.pl\/wp-content\/uploads\/2023\/10\/puzzle-316638_1280-768x512.jpg 768w, https:\/\/bydgoszczpsycholog.pl\/wp-content\/uploads\/2023\/10\/puzzle-316638_1280.jpg 1280w\" sizes=\"auto, (max-width: 1024px) 100vw, 1024px\" \/><\/figure>\n\n<\/div><\/div><\/div>\n<\/div>\n<\/div><\/div>","protected":false},"excerpt":{"rendered":"","protected":false},"author":1,"featured_media":0,"parent":0,"menu_order":0,"comment_status":"closed","ping_status":"closed","template":"","meta":{"inline_featured_image":false,"footnotes":""},"class_list":["post-15","page","type-page","status-publish"],"yoast_head":"<!-- This site is optimized with the Yoast SEO plugin v24.0 - https:\/\/yoast.com\/wordpress\/plugins\/seo\/ -->\n<title>Kontakt | Psycholog Bydgoszcz<\/title>\n<meta name=\"description\" content=\"Skontaktuj si\u0119 z psycholog Alin\u0105 \u015apiewakowsk\u0105 w Bydgoszczy. Um\u00f3w si\u0119 na konsultacje ju\u017c dzi\u015b.\" \/>\n<meta name=\"robots\" content=\"index, follow, max-snippet:-1, max-image-preview:large, max-video-preview:-1\" \/>\n<link rel=\"canonical\" href=\"https:\/\/bydgoszczpsycholog.pl\/index.php\/kontakt\/\" \/>\n<meta property=\"og:locale\" content=\"pl_PL\" \/>\n<meta property=\"og:type\" content=\"article\" \/>\n<meta property=\"og:title\" content=\"Kontakt | Psycholog Bydgoszcz\" \/>\n<meta property=\"og:description\" content=\"Skontaktuj si\u0119 z psycholog Alin\u0105 \u015apiewakowsk\u0105 w Bydgoszczy. Um\u00f3w si\u0119 na konsultacje ju\u017c dzi\u015b.\" \/>\n<meta property=\"og:url\" content=\"https:\/\/bydgoszczpsycholog.pl\/index.php\/kontakt\/\" \/>\n<meta property=\"og:site_name\" content=\"Psycholog Bydgoszcz - Gabinet Psychologiczny Alina \u015apiewakowska\" \/>\n<meta property=\"article:modified_time\" content=\"2023-10-17T17:38:05+00:00\" \/>\n<meta property=\"og:image\" content=\"https:\/\/bydgoszczpsycholog.pl\/wp-content\/uploads\/2023\/10\/puzzle-316638_1280-1024x682.jpg\" \/>\n<meta name=\"twitter:card\" content=\"summary_large_image\" \/>\n<meta name=\"twitter:label1\" content=\"Szacowany czas czytania\" \/>\n\t<meta name=\"twitter:data1\" content=\"1 minuta\" \/>\n<script type=\"application\/ld+json\" class=\"yoast-schema-graph\">{\"@context\":\"https:\/\/schema.org\",\"@graph\":[{\"@type\":\"WebPage\",\"@id\":\"https:\/\/bydgoszczpsycholog.pl\/index.php\/kontakt\/\",\"url\":\"https:\/\/bydgoszczpsycholog.pl\/index.php\/kontakt\/\",\"name\":\"Kontakt | Psycholog Bydgoszcz\",\"isPartOf\":{\"@id\":\"https:\/\/bydgoszczpsycholog.pl\/#website\"},\"primaryImageOfPage\":{\"@id\":\"https:\/\/bydgoszczpsycholog.pl\/index.php\/kontakt\/#primaryimage\"},\"image\":{\"@id\":\"https:\/\/bydgoszczpsycholog.pl\/index.php\/kontakt\/#primaryimage\"},\"thumbnailUrl\":\"https:\/\/bydgoszczpsycholog.pl\/wp-content\/uploads\/2023\/10\/puzzle-316638_1280-1024x682.jpg\",\"datePublished\":\"2021-08-12T21:52:45+00:00\",\"dateModified\":\"2023-10-17T17:38:05+00:00\",\"description\":\"Skontaktuj si\u0119 z psycholog Alin\u0105 \u015apiewakowsk\u0105 w Bydgoszczy. Um\u00f3w si\u0119 na konsultacje ju\u017c dzi\u015b.\",\"breadcrumb\":{\"@id\":\"https:\/\/bydgoszczpsycholog.pl\/index.php\/kontakt\/#breadcrumb\"},\"inLanguage\":\"pl-PL\",\"potentialAction\":[{\"@type\":\"ReadAction\",\"target\":[\"https:\/\/bydgoszczpsycholog.pl\/index.php\/kontakt\/\"]}]},{\"@type\":\"ImageObject\",\"inLanguage\":\"pl-PL\",\"@id\":\"https:\/\/bydgoszczpsycholog.pl\/index.php\/kontakt\/#primaryimage\",\"url\":\"https:\/\/bydgoszczpsycholog.pl\/wp-content\/uploads\/2023\/10\/puzzle-316638_1280.jpg\",\"contentUrl\":\"https:\/\/bydgoszczpsycholog.pl\/wp-content\/uploads\/2023\/10\/puzzle-316638_1280.jpg\",\"width\":1280,\"height\":853},{\"@type\":\"BreadcrumbList\",\"@id\":\"https:\/\/bydgoszczpsycholog.pl\/index.php\/kontakt\/#breadcrumb\",\"itemListElement\":[{\"@type\":\"ListItem\",\"position\":1,\"name\":\"Strona g\u0142\u00f3wna\",\"item\":\"https:\/\/bydgoszczpsycholog.pl\/\"},{\"@type\":\"ListItem\",\"position\":2,\"name\":\"Kontakt\"}]},{\"@type\":\"WebSite\",\"@id\":\"https:\/\/bydgoszczpsycholog.pl\/#website\",\"url\":\"https:\/\/bydgoszczpsycholog.pl\/\",\"name\":\"Psycholog Bydgoszcz - Gabinet Psychologiczny Alina \u015apiewakowska\",\"description\":\"\",\"publisher\":{\"@id\":\"https:\/\/bydgoszczpsycholog.pl\/#organization\"},\"potentialAction\":[{\"@type\":\"SearchAction\",\"target\":{\"@type\":\"EntryPoint\",\"urlTemplate\":\"https:\/\/bydgoszczpsycholog.pl\/?s={search_term_string}\"},\"query-input\":{\"@type\":\"PropertyValueSpecification\",\"valueRequired\":true,\"valueName\":\"search_term_string\"}}],\"inLanguage\":\"pl-PL\"},{\"@type\":\"Organization\",\"@id\":\"https:\/\/bydgoszczpsycholog.pl\/#organization\",\"name\":\"Psycholog Bydgoszcz - Gabinet Psychologiczny Alina \u015apiewakowska\",\"url\":\"https:\/\/bydgoszczpsycholog.pl\/\",\"logo\":{\"@type\":\"ImageObject\",\"inLanguage\":\"pl-PL\",\"@id\":\"https:\/\/bydgoszczpsycholog.pl\/#\/schema\/logo\/image\/\",\"url\":\"https:\/\/bydgoszczpsycholog.pl\/wp-content\/uploads\/2023\/03\/cropped-psycholog-bydgoszcz-alina-spiewakowska-logo.png\",\"contentUrl\":\"https:\/\/bydgoszczpsycholog.pl\/wp-content\/uploads\/2023\/03\/cropped-psycholog-bydgoszcz-alina-spiewakowska-logo.png\",\"width\":581,\"height\":429,\"caption\":\"Psycholog Bydgoszcz - Gabinet Psychologiczny Alina \u015apiewakowska\"},\"image\":{\"@id\":\"https:\/\/bydgoszczpsycholog.pl\/#\/schema\/logo\/image\/\"}}]}<\/script>\n<!-- \/ Yoast SEO plugin. -->","yoast_head_json":{"title":"Kontakt | Psycholog Bydgoszcz","description":"Skontaktuj si\u0119 z psycholog Alin\u0105 \u015apiewakowsk\u0105 w Bydgoszczy. Um\u00f3w si\u0119 na konsultacje ju\u017c dzi\u015b.","robots":{"index":"index","follow":"follow","max-snippet":"max-snippet:-1","max-image-preview":"max-image-preview:large","max-video-preview":"max-video-preview:-1"},"canonical":"https:\/\/bydgoszczpsycholog.pl\/index.php\/kontakt\/","og_locale":"pl_PL","og_type":"article","og_title":"Kontakt | Psycholog Bydgoszcz","og_description":"Skontaktuj si\u0119 z psycholog Alin\u0105 \u015apiewakowsk\u0105 w Bydgoszczy. Um\u00f3w si\u0119 na konsultacje ju\u017c dzi\u015b.","og_url":"https:\/\/bydgoszczpsycholog.pl\/index.php\/kontakt\/","og_site_name":"Psycholog Bydgoszcz - Gabinet Psychologiczny Alina \u015apiewakowska","article_modified_time":"2023-10-17T17:38:05+00:00","og_image":[{"url":"https:\/\/bydgoszczpsycholog.pl\/wp-content\/uploads\/2023\/10\/puzzle-316638_1280-1024x682.jpg","type":"","width":"","height":""}],"twitter_card":"summary_large_image","twitter_misc":{"Szacowany czas czytania":"1 minuta"},"schema":{"@context":"https:\/\/schema.org","@graph":[{"@type":"WebPage","@id":"https:\/\/bydgoszczpsycholog.pl\/index.php\/kontakt\/","url":"https:\/\/bydgoszczpsycholog.pl\/index.php\/kontakt\/","name":"Kontakt | Psycholog Bydgoszcz","isPartOf":{"@id":"https:\/\/bydgoszczpsycholog.pl\/#website"},"primaryImageOfPage":{"@id":"https:\/\/bydgoszczpsycholog.pl\/index.php\/kontakt\/#primaryimage"},"image":{"@id":"https:\/\/bydgoszczpsycholog.pl\/index.php\/kontakt\/#primaryimage"},"thumbnailUrl":"https:\/\/bydgoszczpsycholog.pl\/wp-content\/uploads\/2023\/10\/puzzle-316638_1280-1024x682.jpg","datePublished":"2021-08-12T21:52:45+00:00","dateModified":"2023-10-17T17:38:05+00:00","description":"Skontaktuj si\u0119 z psycholog Alin\u0105 \u015apiewakowsk\u0105 w Bydgoszczy. Um\u00f3w si\u0119 na konsultacje ju\u017c dzi\u015b.","breadcrumb":{"@id":"https:\/\/bydgoszczpsycholog.pl\/index.php\/kontakt\/#breadcrumb"},"inLanguage":"pl-PL","potentialAction":[{"@type":"ReadAction","target":["https:\/\/bydgoszczpsycholog.pl\/index.php\/kontakt\/"]}]},{"@type":"ImageObject","inLanguage":"pl-PL","@id":"https:\/\/bydgoszczpsycholog.pl\/index.php\/kontakt\/#primaryimage","url":"https:\/\/bydgoszczpsycholog.pl\/wp-content\/uploads\/2023\/10\/puzzle-316638_1280.jpg","contentUrl":"https:\/\/bydgoszczpsycholog.pl\/wp-content\/uploads\/2023\/10\/puzzle-316638_1280.jpg","width":1280,"height":853},{"@type":"BreadcrumbList","@id":"https:\/\/bydgoszczpsycholog.pl\/index.php\/kontakt\/#breadcrumb","itemListElement":[{"@type":"ListItem","position":1,"name":"Strona g\u0142\u00f3wna","item":"https:\/\/bydgoszczpsycholog.pl\/"},{"@type":"ListItem","position":2,"name":"Kontakt"}]},{"@type":"WebSite","@id":"https:\/\/bydgoszczpsycholog.pl\/#website","url":"https:\/\/bydgoszczpsycholog.pl\/","name":"Psycholog Bydgoszcz - Gabinet Psychologiczny Alina \u015apiewakowska","description":"","publisher":{"@id":"https:\/\/bydgoszczpsycholog.pl\/#organization"},"potentialAction":[{"@type":"SearchAction","target":{"@type":"EntryPoint","urlTemplate":"https:\/\/bydgoszczpsycholog.pl\/?s={search_term_string}"},"query-input":{"@type":"PropertyValueSpecification","valueRequired":true,"valueName":"search_term_string"}}],"inLanguage":"pl-PL"},{"@type":"Organization","@id":"https:\/\/bydgoszczpsycholog.pl\/#organization","name":"Psycholog Bydgoszcz - Gabinet Psychologiczny Alina \u015apiewakowska","url":"https:\/\/bydgoszczpsycholog.pl\/","logo":{"@type":"ImageObject","inLanguage":"pl-PL","@id":"https:\/\/bydgoszczpsycholog.pl\/#\/schema\/logo\/image\/","url":"https:\/\/bydgoszczpsycholog.pl\/wp-content\/uploads\/2023\/03\/cropped-psycholog-bydgoszcz-alina-spiewakowska-logo.png","contentUrl":"https:\/\/bydgoszczpsycholog.pl\/wp-content\/uploads\/2023\/03\/cropped-psycholog-bydgoszcz-alina-spiewakowska-logo.png","width":581,"height":429,"caption":"Psycholog Bydgoszcz - Gabinet Psychologiczny Alina \u015apiewakowska"},"image":{"@id":"https:\/\/bydgoszczpsycholog.pl\/#\/schema\/logo\/image\/"}}]}},"_links":{"self":[{"href":"https:\/\/bydgoszczpsycholog.pl\/index.php\/wp-json\/wp\/v2\/pages\/15","targetHints":{"allow":["GET"]}}],"collection":[{"href":"https:\/\/bydgoszczpsycholog.pl\/index.php\/wp-json\/wp\/v2\/pages"}],"about":[{"href":"https:\/\/bydgoszczpsycholog.pl\/index.php\/wp-json\/wp\/v2\/types\/page"}],"author":[{"embeddable":true,"href":"https:\/\/bydgoszczpsycholog.pl\/index.php\/wp-json\/wp\/v2\/users\/1"}],"replies":[{"embeddable":true,"href":"https:\/\/bydgoszczpsycholog.pl\/index.php\/wp-json\/wp\/v2\/comments?post=15"}],"version-history":[{"count":2,"href":"https:\/\/bydgoszczpsycholog.pl\/index.php\/wp-json\/wp\/v2\/pages\/15\/revisions"}],"predecessor-version":[{"id":685,"href":"https:\/\/bydgoszczpsycholog.pl\/index.php\/wp-json\/wp\/v2\/pages\/15\/revisions\/685"}],"wp:attachment":[{"href":"https:\/\/bydgoszczpsycholog.pl\/index.php\/wp-json\/wp\/v2\/media?parent=15"}],"curies":[{"name":"wp","href":"https:\/\/api.w.org\/{rel}","templated":true}]}}