{"id":11,"date":"2021-08-12T21:52:23","date_gmt":"2021-08-12T21:52:23","guid":{"rendered":"https:\/\/gpsites.co\/flow\/?page_id=11"},"modified":"2023-10-17T19:47:29","modified_gmt":"2023-10-17T17:47:29","slug":"home","status":"publish","type":"page","link":"https:\/\/bydgoszczpsycholog.pl\/","title":{"rendered":"Home"},"content":{"rendered":"<div class=\"gb-container gb-container-7effbf62\"><div class=\"gb-inside-container\">\n\n<h1 class=\"gb-headline gb-headline-afd76b9d gb-headline-text\">Psycholog Bydgoszcz<br>Alina \u015apiewakowska<\/h1>\n\n\n<div class=\"gb-button-wrapper gb-button-wrapper-ba49f438\">\n\n<a class=\"gb-button gb-button-27349c2b gb-button-text\" href=\"tel:+48695651786\">Um\u00f3w wizyt\u0119<\/a>\n\n<\/div>\n<\/div><\/div>\n\n<div class=\"gb-container gb-container-8f623a81\"><div class=\"gb-inside-container\">\n\n<h2 class=\"gb-headline gb-headline-0c155506 gb-headline-text\" id=\"omnie\">Kilka s\u0142\u00f3w o mnie i moim do\u015bwiadczeniu<\/h2>\n\n\n\n<p class=\"has-text-align-center\">Alina Iwona \u015apiewakowska- specjalista psychologii klinicznej (Dyplom nr 006\/2012. 1\/8),<br>psychoterapeuta i doradca systemowy Wielkopolskiego Towarzystwa Terapii Systemowej<br>(Certyfikat z dnia 15.10.2009 r.).<br>Posiadam wieloletnie do\u015bwiadczenie w pracy klinicznej zdobyte m.in. w Wojew\u00f3dzkiej Przychodni<br>Zdrowia Psychicznego w Bydgoszczy, w Klinice Psychiatrii Szpitala Uniwersyteckiego im.<br>A. Jurasza w Bydgoszczy na Oddziale Zaburze\u0144 L\u0119kowych i Afektywnych.<\/p>\n\n\n\n<p class=\"has-text-align-center\">Prowadz\u0119 terapi\u0119 indywidualn\u0105 oraz terapi\u0119 rodzin i par.<br><br>W razie potrzeby wsp\u00f3\u0142pracuj\u0119 z lekarzem psychiatr\u0105.<br>W pracy kieruj\u0119 si\u0119 zasadami etyki zawodowej.<\/p>\n\n\n\n<p><\/p>\n\n<\/div><div class=\"gb-shapes\"><div class=\"gb-shape gb-shape-1\"><svg xmlns=\"http:\/\/www.w3.org\/2000\/svg\" viewBox=\"0 0 1200 130.3\" preserveAspectRatio=\"none\"><path d=\"M0 107.9l40-22.2c40-21.9 120-66.9 200-62.2 80 4.4 160 57.8 240 53.3C560 72 640 10.4 720 1.2S880 37 960 59c80 22.3 160 22.3 200 22.3h40v49H0v-22.4z\"\/><\/svg><\/div><\/div><\/div>\n\n<div class=\"gb-container gb-container-4f77004d transition-block alignwide\"><div class=\"gb-inside-container\">\n<div class=\"gb-grid-wrapper gb-grid-wrapper-04ebbd56\">\n<div class=\"gb-grid-column gb-grid-column-4c6ac02c\"><div class=\"gb-container gb-container-4c6ac02c\"><div class=\"gb-inside-container\">\n<div class=\"gb-container gb-container-2d508fbd yoga-svg\"><div class=\"gb-inside-container\"><\/div><\/div>\n\n\n<h2 class=\"gb-headline gb-headline-59ee6859 gb-headline-text\">Psychoterapia indywidualna<\/h2>\n\n\n\n<div class=\"gb-headline gb-headline-4c2cc874 gb-headline-text\"><\/div>\n\n\n\n<p class=\"gb-headline gb-headline-663640fd gb-headline-text\">Psychoterapia indywidualna to skuteczna i bezpieczna metoda radzenia sobie z problemami emocjonalnymi, trudno\u015bciami w relacjach oraz schorzeniami na pod\u0142o\u017cu psychologicznym, takimi jak nerwice, depresja czy zaburzenia l\u0119kowe. Pomog\u0119 Ci zidentyfikowa\u0107 i przepracowa\u0107 \u017ar\u00f3d\u0142a Twoich problem\u00f3w, naucz\u0119 skutecznych technik radzenia sobie z trudno\u015bciami oraz pomog\u0119 Ci poprawi\u0107 samopoczucie i jako\u015b\u0107 \u017cycia.<\/p>\n\n<\/div><\/div><\/div>\n\n<div class=\"gb-grid-column gb-grid-column-0b5b0de6\"><div class=\"gb-container gb-container-0b5b0de6\"><div class=\"gb-inside-container\">\n<div class=\"gb-container gb-container-d0d2ec96 yoga-svg\"><div class=\"gb-inside-container\"><\/div><\/div>\n\n\n<h2 class=\"gb-headline gb-headline-c8a79724 gb-headline-text\">Psychoterapia par i rodzin<\/h2>\n\n\n\n<div class=\"gb-headline gb-headline-33d179e2 gb-headline-text\"><\/div>\n\n\n\n<p class=\"gb-headline gb-headline-f629939a gb-headline-text\">Je\u015bli Tw\u00f3j zwi\u0105zek z partnerem wydaje Ci si\u0119 ostatnio napi\u0119ty, a nie mo\u017cesz znale\u017a\u0107 rozwi\u0105zania problem\u00f3w, psychoterapia dla par mo\u017ce okaza\u0107 si\u0119 bardzo pomocna. W ramach terapii dla par b\u0119dziecie mieli szans\u0119 lepiej zrozumie\u0107 swoje potrzeby i problemy oraz nauczy\u0107 si\u0119 skuteczniejszej komunikacji, dzi\u0119ki czemu b\u0119dziecie mogli budowa\u0107 trwalszy i bardziej satysfakcjonuj\u0105cy zwi\u0105zek. Sesje terapii rodzin i par prowadzi 2 terapeut\u00f3w.<\/p>\n\n<\/div><\/div><\/div>\n\n<div class=\"gb-grid-column gb-grid-column-be2ac997\"><div class=\"gb-container gb-container-be2ac997\"><div class=\"gb-inside-container\">\n<div class=\"gb-container gb-container-d895aebf yoga-svg\"><div class=\"gb-inside-container\"><\/div><\/div>\n\n\n<h2 class=\"gb-headline gb-headline-6fe8d9e8 gb-headline-text\">Psychoterapia dzieci<\/h2>\n\n\n\n<div class=\"gb-headline gb-headline-f547d0c3 gb-headline-text\"><\/div>\n\n\n\n<p class=\"gb-headline gb-headline-079259ed gb-headline-text\">Je\u015bli Twoje dziecko boryka si\u0119 z trudno\u015bciami emocjonalnymi lub zachowawczymi, psychoterapia dla dzieci mo\u017ce okaza\u0107 si\u0119 bardzo pomocna. Pomog\u0119 Twojemu dziecki zrozumie\u0107 i przepracowa\u0107 jego trudno\u015bci, naucz\u0119 go skuteczniejszych sposob\u00f3w radzenia sobie z emocjami i problemami. Dzi\u0119ki indywidualnej i dostosowanej do wieku metodyce pracy terapeutycznej, Twoje dziecko b\u0119dzie mia\u0142o szans\u0119 na zdrowy rozw\u00f3j emocjonalny i spo\u0142eczny, a Ty jako rodzic, otrzymasz wsparcie i wskaz\u00f3wki jak pom\u00f3c dziecku w trudnych sytuacjach.<\/p>\n\n<\/div><\/div><\/div>\n<\/div>\n<\/div><\/div>\n\n<div class=\"gb-container gb-container-3a25b993\"><div class=\"gb-inside-container\">\n<div class=\"gb-grid-wrapper gb-grid-wrapper-a7bb4a24\">\n<div class=\"gb-grid-column gb-grid-column-9a2ac6fd\"><div class=\"gb-container gb-container-9a2ac6fd\"><div class=\"gb-inside-container\">\n\n<h2 class=\"gb-headline gb-headline-73f401a8 gb-headline-text\">Kiedy mog\u0119 Ci pom\u00f3c?<\/h2>\n\n\n\n<div class=\"wp-block-columns is-layout-flex wp-container-core-columns-is-layout-9d6595d7 wp-block-columns-is-layout-flex\">\n<div class=\"wp-block-column is-layout-flow wp-block-column-is-layout-flow\"><div class=\"gb-container gb-container-51f9b5b1\">\n\n<p class=\"has-text-align-center has-contrast-2-color has-text-color\">&#x2714; je\u015bli odczuwasz smutek, przygn\u0119bienie utrudniaj\u0105ce normalne funkcjonowanie,<\/p>\n\n<\/div>\n\n\n<p class=\"has-text-align-center has-contrast-2-color has-text-color\">&#x2714; je\u015bli masz trudno\u015bci z kontrol\u0105 reakcji emocjonalnych,<\/p>\n\n\n\n<p class=\"has-text-align-center has-contrast-2-color has-text-color\">&#x2714; posiadasz obni\u017cone poczucie w\u0142asnej warto\u015bci,<\/p>\n\n\n\n<p class=\"has-text-align-center has-contrast-2-color has-text-color\">&#x2714; odczuwasz silny niepok\u00f3j, l\u0119k budz\u0105cy du\u017cy dyskomfort psychiczny,<\/p>\n\n\n\n<p class=\"has-text-align-center has-contrast-2-color has-text-color\">&#x2714; je\u015bli masz zaburzenia od\u017cywiania (anoreksja, bulimia i inne),<\/p>\n\n\n\n<p class=\"has-text-align-center has-contrast-2-color has-text-color\">&#x2714; je\u015bli cierpisz na dolegliwo\u015bci psychosomatyczne,<\/p>\n\n\n\n<p class=\"has-text-align-center has-contrast-2-color has-text-color\">&#x2714; je\u015bli w zwi\u0105zku pojawiaj\u0105 si\u0119 problemy, z kt\u00f3rymi sobie nie radzisz (r\u00f3\u017cne wzorce komunikacji, reakcji emocjonalnych),<\/p>\n\n\n\n<p class=\"has-text-align-center has-contrast-2-color has-text-color\">&#x2714; je\u015bli Twoje Dziecko sprawia problemy wychowawcze,<\/p>\n\n\n\n<p class=\"has-text-align-center has-contrast-2-color has-text-color\">&#x2714; je\u015bli zauwa\u017casz u Dziecka niepokoj\u0105ce sygna\u0142y w zachowaniu- np. obni\u017cony nastr\u00f3j, agresja skierowana na siebie i innych, problemy w kontaktach r\u00f3wie\u015bniczych,<\/p>\n\n\n\n<p class=\"has-contrast-2-color has-text-color\">&#x2714; Twoja Rodzina obecnie prze\u017cywa trudny okres (kryzys, choroba, \u017ca\u0142oba),<\/p>\n\n\n\n<p class=\"has-contrast-2-color has-text-color\">&#x2714; je\u015bli chcesz spotkania z terapeut\u0105 traktowa\u0107 jako okazj\u0119 do osobistego rozwoju<\/p>\n<\/div>\n<\/div>\n\n\n<div class=\"gb-button-wrapper gb-button-wrapper-7562a32d\">\n\n<a class=\"gb-button gb-button-cc256e72 gb-button-text\" href=\"tel:+48695651786\">Zadzwo\u0144 i um\u00f3w wizyt\u0119<\/a>\n\n<\/div>\n<\/div><\/div><\/div>\n\n<div class=\"gb-grid-column gb-grid-column-9f19cf80\"><div class=\"gb-container gb-container-9f19cf80\"><div class=\"gb-inside-container\">\n\n<h4 class=\"gb-headline gb-headline-02539476 gb-headline-text\">Wsparcie w trudnych chwilach<\/h4>\n\n\n\n<p class=\"gb-headline gb-headline-2e20583d\">Anna K.<\/p>\n\n\n\n<div class=\"gb-headline gb-headline-3919e314 gb-headline-text\"><\/div>\n\n\n\n<p class=\"gb-headline gb-headline-11a04caf gb-headline-text\">W trudnym dla mnie okresie \u017cycia, kiedy boryka\u0142am si\u0119 z przyt\u0142aczaj\u0105cym smutkiem i niepokojem, zdecydowa\u0142am si\u0119 na terapi\u0119 u psychologa \u015apiewakowskiej. Dzi\u0119ki jej wsparciu i profesjonalnemu podej\u015bciu nauczy\u0142am si\u0119 radzi\u0107 sobie z trudnymi emocjami i odzyska\u0142am pewno\u015b\u0107 siebie. Serdecznie polecam ka\u017cdemu, kto potrzebuje wsparcia w trudnych chwilach.<\/p>\n\n<\/div><\/div><\/div>\n\n<div class=\"gb-grid-column gb-grid-column-214260ed\"><div class=\"gb-container gb-container-214260ed\"><div class=\"gb-inside-container\">\n\n<h4 class=\"gb-headline gb-headline-35b87e92 gb-headline-text\">Praca nad zwi\u0105zkiem<\/h4>\n\n\n\n<p class=\"gb-headline gb-headline-ade53429\">Jakub N.<\/p>\n\n\n\n<div class=\"gb-headline gb-headline-fbd0ff47 gb-headline-text\"><\/div>\n\n\n\n<p class=\"gb-headline gb-headline-9fde87e6 gb-headline-text\">Z \u017con\u0105 zdecydowali\u015bmy si\u0119 na terapi\u0119 u psychoterapeuty \u015apiewakowskiej, kiedy nasz zwi\u0105zek przechodzi\u0142 przez kryzys. Dzi\u0119ki sesjom uda\u0142o nam si\u0119 zrozumie\u0107 siebie nawzajem i poprawi\u0107 nasz\u0105 komunikacj\u0119. Dzi\u015b nasz zwi\u0105zek jest silniejszy i przede wszystkim umiemy ze sob\u0105 \u017cy\u0107 w harmonii.<\/p>\n\n<\/div><\/div><\/div>\n\n<div class=\"gb-grid-column gb-grid-column-d7ef2169\"><div class=\"gb-container gb-container-d7ef2169\"><div class=\"gb-inside-container\">\n\n<h4 class=\"gb-headline gb-headline-086809c7 gb-headline-text\">Wsparcie najm\u0142odszych<\/h4>\n\n\n\n<p class=\"gb-headline gb-headline-6dca08f1\">Ma\u0142gorzata S.<\/p>\n\n\n\n<div class=\"gb-headline gb-headline-fc891b56 gb-headline-text\"><\/div>\n\n\n\n<p class=\"gb-headline gb-headline-a6ab965c gb-headline-text\">Moja c\u00f3rka mia\u0142a problemy w kontaktach z r\u00f3wie\u015bnikami i cz\u0119sto by\u0142a agresywna. Zdecydowa\u0142am si\u0119 na psychoterapi\u0119 dla dzieci u psycholog \u015apiewakowskiej w Bydgoszczy i to by\u0142a jedna z najlepszych decyzji. Po kilku sesjach zauwa\u017cy\u0142am znacz\u0105c\u0105 popraw\u0119 w zachowaniu mojej c\u00f3rki. Pani psycholog ma niesamowite podej\u015bcie do dzieci i potrafi znale\u017a\u0107 przyczyn\u0119 ich problem\u00f3w.<\/p>\n\n<\/div><\/div><\/div>\n<\/div>\n<\/div><\/div>\n\n\n<p><\/p>\n","protected":false},"excerpt":{"rendered":"<p>Psycholog BydgoszczAlina \u015apiewakowska Kilka s\u0142\u00f3w o mnie i moim do\u015bwiadczeniu Alina Iwona \u015apiewakowska- specjalista psychologii klinicznej (Dyplom nr 006\/2012. 1\/8),psychoterapeuta i doradca systemowy Wielkopolskiego Towarzystwa Terapii Systemowej(Certyfikat z dnia 15.10.2009 r.).Posiadam wieloletnie do\u015bwiadczenie w pracy klinicznej zdobyte m.in. w Wojew\u00f3dzkiej PrzychodniZdrowia Psychicznego w Bydgoszczy, w Klinice Psychiatrii Szpitala Uniwersyteckiego im.A. Jurasza w Bydgoszczy na Oddziale &#8230; <a title=\"Home\" class=\"read-more\" href=\"https:\/\/bydgoszczpsycholog.pl\/\" aria-label=\"Wi\u0119cej na Home\">Dowiedz si\u0119 wi\u0119cej<\/a><\/p>\n","protected":false},"author":1,"featured_media":0,"parent":0,"menu_order":0,"comment_status":"closed","ping_status":"closed","template":"","meta":{"inline_featured_image":false,"footnotes":""},"class_list":["post-11","page","type-page","status-publish"],"yoast_head":"<!-- This site is optimized with the Yoast SEO plugin v24.0 - https:\/\/yoast.com\/wordpress\/plugins\/seo\/ -->\n<title>Psycholog Bydgoszcz - Alina \u015apiewakowska<\/title>\n<meta name=\"description\" content=\"Poszukujesz do\u015bwiadczonego psychologa w Bydgoszczy? Um\u00f3w si\u0119 na konsultacj\u0119 i zadbaj o swoje zdrowie psychiczne.\" \/>\n<meta name=\"robots\" content=\"index, follow, max-snippet:-1, max-image-preview:large, max-video-preview:-1\" \/>\n<link rel=\"canonical\" href=\"https:\/\/bydgoszczpsycholog.pl\/\" \/>\n<meta property=\"og:locale\" content=\"pl_PL\" \/>\n<meta property=\"og:type\" content=\"article\" \/>\n<meta property=\"og:title\" content=\"Psycholog Bydgoszcz - Alina \u015apiewakowska\" \/>\n<meta property=\"og:description\" content=\"Poszukujesz do\u015bwiadczonego psychologa w Bydgoszczy? Um\u00f3w si\u0119 na konsultacj\u0119 i zadbaj o swoje zdrowie psychiczne.\" \/>\n<meta property=\"og:url\" content=\"https:\/\/bydgoszczpsycholog.pl\/\" \/>\n<meta property=\"og:site_name\" content=\"Psycholog Bydgoszcz - Gabinet Psychologiczny Alina \u015apiewakowska\" \/>\n<meta property=\"article:modified_time\" content=\"2023-10-17T17:47:29+00:00\" \/>\n<meta name=\"twitter:card\" content=\"summary_large_image\" \/>\n<meta name=\"twitter:label1\" content=\"Szacowany czas czytania\" \/>\n\t<meta name=\"twitter:data1\" content=\"4 minuty\" \/>\n<script type=\"application\/ld+json\" class=\"yoast-schema-graph\">{\"@context\":\"https:\/\/schema.org\",\"@graph\":[{\"@type\":\"WebPage\",\"@id\":\"https:\/\/bydgoszczpsycholog.pl\/\",\"url\":\"https:\/\/bydgoszczpsycholog.pl\/\",\"name\":\"Psycholog Bydgoszcz - Alina \u015apiewakowska\",\"isPartOf\":{\"@id\":\"https:\/\/bydgoszczpsycholog.pl\/#website\"},\"datePublished\":\"2021-08-12T21:52:23+00:00\",\"dateModified\":\"2023-10-17T17:47:29+00:00\",\"description\":\"Poszukujesz do\u015bwiadczonego psychologa w Bydgoszczy? Um\u00f3w si\u0119 na konsultacj\u0119 i zadbaj o swoje zdrowie psychiczne.\",\"breadcrumb\":{\"@id\":\"https:\/\/bydgoszczpsycholog.pl\/#breadcrumb\"},\"inLanguage\":\"pl-PL\",\"potentialAction\":[{\"@type\":\"ReadAction\",\"target\":[\"https:\/\/bydgoszczpsycholog.pl\/\"]}]},{\"@type\":\"BreadcrumbList\",\"@id\":\"https:\/\/bydgoszczpsycholog.pl\/#breadcrumb\",\"itemListElement\":[{\"@type\":\"ListItem\",\"position\":1,\"name\":\"Strona g\u0142\u00f3wna\",\"item\":\"https:\/\/bydgoszczpsycholog.pl\/\"},{\"@type\":\"ListItem\",\"position\":2,\"name\":\"Home\"}]},{\"@type\":\"WebSite\",\"@id\":\"https:\/\/bydgoszczpsycholog.pl\/#website\",\"url\":\"https:\/\/bydgoszczpsycholog.pl\/\",\"name\":\"Psycholog Bydgoszcz - Gabinet Psychologiczny Alina \u015apiewakowska\",\"description\":\"\",\"publisher\":{\"@id\":\"https:\/\/bydgoszczpsycholog.pl\/#organization\"},\"potentialAction\":[{\"@type\":\"SearchAction\",\"target\":{\"@type\":\"EntryPoint\",\"urlTemplate\":\"https:\/\/bydgoszczpsycholog.pl\/?s={search_term_string}\"},\"query-input\":{\"@type\":\"PropertyValueSpecification\",\"valueRequired\":true,\"valueName\":\"search_term_string\"}}],\"inLanguage\":\"pl-PL\"},{\"@type\":\"Organization\",\"@id\":\"https:\/\/bydgoszczpsycholog.pl\/#organization\",\"name\":\"Psycholog Bydgoszcz - Gabinet Psychologiczny Alina \u015apiewakowska\",\"url\":\"https:\/\/bydgoszczpsycholog.pl\/\",\"logo\":{\"@type\":\"ImageObject\",\"inLanguage\":\"pl-PL\",\"@id\":\"https:\/\/bydgoszczpsycholog.pl\/#\/schema\/logo\/image\/\",\"url\":\"https:\/\/bydgoszczpsycholog.pl\/wp-content\/uploads\/2023\/03\/cropped-psycholog-bydgoszcz-alina-spiewakowska-logo.png\",\"contentUrl\":\"https:\/\/bydgoszczpsycholog.pl\/wp-content\/uploads\/2023\/03\/cropped-psycholog-bydgoszcz-alina-spiewakowska-logo.png\",\"width\":581,\"height\":429,\"caption\":\"Psycholog Bydgoszcz - Gabinet Psychologiczny Alina \u015apiewakowska\"},\"image\":{\"@id\":\"https:\/\/bydgoszczpsycholog.pl\/#\/schema\/logo\/image\/\"}}]}<\/script>\n<!-- \/ Yoast SEO plugin. -->","yoast_head_json":{"title":"Psycholog Bydgoszcz - Alina \u015apiewakowska","description":"Poszukujesz do\u015bwiadczonego psychologa w Bydgoszczy? Um\u00f3w si\u0119 na konsultacj\u0119 i zadbaj o swoje zdrowie psychiczne.","robots":{"index":"index","follow":"follow","max-snippet":"max-snippet:-1","max-image-preview":"max-image-preview:large","max-video-preview":"max-video-preview:-1"},"canonical":"https:\/\/bydgoszczpsycholog.pl\/","og_locale":"pl_PL","og_type":"article","og_title":"Psycholog Bydgoszcz - Alina \u015apiewakowska","og_description":"Poszukujesz do\u015bwiadczonego psychologa w Bydgoszczy? Um\u00f3w si\u0119 na konsultacj\u0119 i zadbaj o swoje zdrowie psychiczne.","og_url":"https:\/\/bydgoszczpsycholog.pl\/","og_site_name":"Psycholog Bydgoszcz - Gabinet Psychologiczny Alina \u015apiewakowska","article_modified_time":"2023-10-17T17:47:29+00:00","twitter_card":"summary_large_image","twitter_misc":{"Szacowany czas czytania":"4 minuty"},"schema":{"@context":"https:\/\/schema.org","@graph":[{"@type":"WebPage","@id":"https:\/\/bydgoszczpsycholog.pl\/","url":"https:\/\/bydgoszczpsycholog.pl\/","name":"Psycholog Bydgoszcz - Alina \u015apiewakowska","isPartOf":{"@id":"https:\/\/bydgoszczpsycholog.pl\/#website"},"datePublished":"2021-08-12T21:52:23+00:00","dateModified":"2023-10-17T17:47:29+00:00","description":"Poszukujesz do\u015bwiadczonego psychologa w Bydgoszczy? Um\u00f3w si\u0119 na konsultacj\u0119 i zadbaj o swoje zdrowie psychiczne.","breadcrumb":{"@id":"https:\/\/bydgoszczpsycholog.pl\/#breadcrumb"},"inLanguage":"pl-PL","potentialAction":[{"@type":"ReadAction","target":["https:\/\/bydgoszczpsycholog.pl\/"]}]},{"@type":"BreadcrumbList","@id":"https:\/\/bydgoszczpsycholog.pl\/#breadcrumb","itemListElement":[{"@type":"ListItem","position":1,"name":"Strona g\u0142\u00f3wna","item":"https:\/\/bydgoszczpsycholog.pl\/"},{"@type":"ListItem","position":2,"name":"Home"}]},{"@type":"WebSite","@id":"https:\/\/bydgoszczpsycholog.pl\/#website","url":"https:\/\/bydgoszczpsycholog.pl\/","name":"Psycholog Bydgoszcz - Gabinet Psychologiczny Alina \u015apiewakowska","description":"","publisher":{"@id":"https:\/\/bydgoszczpsycholog.pl\/#organization"},"potentialAction":[{"@type":"SearchAction","target":{"@type":"EntryPoint","urlTemplate":"https:\/\/bydgoszczpsycholog.pl\/?s={search_term_string}"},"query-input":{"@type":"PropertyValueSpecification","valueRequired":true,"valueName":"search_term_string"}}],"inLanguage":"pl-PL"},{"@type":"Organization","@id":"https:\/\/bydgoszczpsycholog.pl\/#organization","name":"Psycholog Bydgoszcz - Gabinet Psychologiczny Alina \u015apiewakowska","url":"https:\/\/bydgoszczpsycholog.pl\/","logo":{"@type":"ImageObject","inLanguage":"pl-PL","@id":"https:\/\/bydgoszczpsycholog.pl\/#\/schema\/logo\/image\/","url":"https:\/\/bydgoszczpsycholog.pl\/wp-content\/uploads\/2023\/03\/cropped-psycholog-bydgoszcz-alina-spiewakowska-logo.png","contentUrl":"https:\/\/bydgoszczpsycholog.pl\/wp-content\/uploads\/2023\/03\/cropped-psycholog-bydgoszcz-alina-spiewakowska-logo.png","width":581,"height":429,"caption":"Psycholog Bydgoszcz - Gabinet Psychologiczny Alina \u015apiewakowska"},"image":{"@id":"https:\/\/bydgoszczpsycholog.pl\/#\/schema\/logo\/image\/"}}]}},"_links":{"self":[{"href":"https:\/\/bydgoszczpsycholog.pl\/index.php\/wp-json\/wp\/v2\/pages\/11","targetHints":{"allow":["GET"]}}],"collection":[{"href":"https:\/\/bydgoszczpsycholog.pl\/index.php\/wp-json\/wp\/v2\/pages"}],"about":[{"href":"https:\/\/bydgoszczpsycholog.pl\/index.php\/wp-json\/wp\/v2\/types\/page"}],"author":[{"embeddable":true,"href":"https:\/\/bydgoszczpsycholog.pl\/index.php\/wp-json\/wp\/v2\/users\/1"}],"replies":[{"embeddable":true,"href":"https:\/\/bydgoszczpsycholog.pl\/index.php\/wp-json\/wp\/v2\/comments?post=11"}],"version-history":[{"count":52,"href":"https:\/\/bydgoszczpsycholog.pl\/index.php\/wp-json\/wp\/v2\/pages\/11\/revisions"}],"predecessor-version":[{"id":681,"href":"https:\/\/bydgoszczpsycholog.pl\/index.php\/wp-json\/wp\/v2\/pages\/11\/revisions\/681"}],"wp:attachment":[{"href":"https:\/\/bydgoszczpsycholog.pl\/index.php\/wp-json\/wp\/v2\/media?parent=11"}],"curies":[{"name":"wp","href":"https:\/\/api.w.org\/{rel}","templated":true}]}}